{"id":819,"date":"2021-11-09T09:46:31","date_gmt":"2021-11-09T08:46:31","guid":{"rendered":"https:\/\/lesnegocialesprofessionnels.com\/?page_id=819"},"modified":"2022-09-29T10:34:59","modified_gmt":"2022-09-29T08:34:59","slug":"qualifications","status":"publish","type":"page","link":"https:\/\/lesnegocialesprofessionnels.com\/index.php\/qualifications\/","title":{"rendered":"Qualifications"},"content":{"rendered":"<div data-colibri-id=\"819-c1\" class=\"style-893 style-local-819-c1 position-relative\">\n  <!---->\n  <div data-colibri-component=\"section\" data-colibri-id=\"819-c2\" id=\"content-2\" class=\"h-section h-section-global-spacing d-flex align-items-lg-center align-items-md-center align-items-center style-905 style-local-819-c2 position-relative\">\n    <!---->\n    <!---->\n    <div class=\"h-section-grid-container h-section-boxed-container\">\n      <!---->\n      <div data-colibri-id=\"819-c3\" class=\"h-row-container gutters-row-lg-2 gutters-row-md-2 gutters-row-2 gutters-row-v-lg-2 gutters-row-v-md-2 gutters-row-v-2 style-906 style-local-819-c3 position-relative\">\n        <!---->\n        <div class=\"h-row justify-content-lg-center justify-content-md-center justify-content-center align-items-lg-stretch align-items-md-stretch align-items-stretch gutters-col-lg-2 gutters-col-md-2 gutters-col-2 gutters-col-v-lg-2 gutters-col-v-md-2 gutters-col-v-2\">\n          <!---->\n          <div class=\"h-column h-column-container d-flex h-col-lg-auto h-col-md-auto h-col-auto style-907-outer style-local-819-c4-outer\">\n            <div data-colibri-id=\"819-c4\" class=\"d-flex h-flex-basis h-column__inner h-px-lg-0 h-px-md-2 h-px-0 v-inner-lg-0 v-inner-md-2 v-inner-0 style-907 style-local-819-c4 position-relative\">\n              <!---->\n              <!---->\n              <div class=\"w-100 h-y-container h-column__content h-column__v-align flex-basis-100 align-self-lg-center align-self-md-center align-self-center\">\n                <!---->\n                <div data-colibri-id=\"819-c5\" class=\"d-block style-908 style-local-819-c5 position-relative h-element\">\n                  <!---->\n                  <div class=\"h-image__frame-container-outer\">\n                    <div class=\"h-image__frame-container\">\n                      <!---->\n                      <!---->\n                      <img loading=\"lazy\" decoding=\"async\" width=\"3024\" height=\"2746\" src=\"https:\/\/lesnegocialesprofessionnels.com\/wp-content\/uploads\/2021\/11\/cropped-Qualifications-2.png\" class=\"wp-image-842 style-908-image style-local-819-c5-image\" alt=\"\" srcset=\"https:\/\/lesnegocialesprofessionnels.com\/wp-content\/uploads\/2021\/11\/cropped-Qualifications-2.png 3024w, https:\/\/lesnegocialesprofessionnels.com\/wp-content\/uploads\/2021\/11\/cropped-Qualifications-2-300x272.png 300w, https:\/\/lesnegocialesprofessionnels.com\/wp-content\/uploads\/2021\/11\/cropped-Qualifications-2-1024x930.png 1024w, https:\/\/lesnegocialesprofessionnels.com\/wp-content\/uploads\/2021\/11\/cropped-Qualifications-2-768x697.png 768w, https:\/\/lesnegocialesprofessionnels.com\/wp-content\/uploads\/2021\/11\/cropped-Qualifications-2-1536x1395.png 1536w, https:\/\/lesnegocialesprofessionnels.com\/wp-content\/uploads\/2021\/11\/cropped-Qualifications-2-2048x1860.png 2048w\" sizes=\"auto, (max-width: 3024px) 100vw, 3024px\" \/>\n                      <div class=\"h-image__frame h-hide-sm style-908-frameImage style-local-819-c5-frameImage\"><\/div>\n                    <\/div>\n                  <\/div>\n                <\/div>\n              <\/div>\n            <\/div>\n          <\/div>\n          <div class=\"h-column h-column-container d-flex h-col-lg-auto h-col-md-auto h-col-auto style-909-outer style-local-819-c6-outer\">\n            <div data-colibri-id=\"819-c6\" class=\"d-flex h-flex-basis h-column__inner h-px-lg-0 h-px-md-0 h-px-2 v-inner-lg-0 v-inner-md-0 v-inner-2 style-909 style-local-819-c6 position-relative\">\n              <!---->\n              <!---->\n              <div class=\"w-100 h-y-container h-column__content h-column__v-align flex-basis-100 align-self-lg-center align-self-md-center align-self-center\">\n                <!---->\n                <div data-colibri-id=\"819-c7\" class=\"h-text h-text-component style-914 style-local-819-c7 position-relative h-element\">\n                  <!---->\n                  <!---->\n                  <div class=\"\">\n                    <p>La premi\u00e8re \u00e9tape du concours<\/p>\n                  <\/div>\n                <\/div>\n                <div data-colibri-id=\"819-c8\" class=\"h-global-transition-all h-heading style-910 style-local-819-c8 position-relative h-element\">\n                  <!---->\n                  <div class=\"h-heading__outer style-910 style-local-819-c8\">\n                    <!---->\n                    <!---->\n                    <h1 class=\"\">Les qualifications<\/h1>\n                  <\/div>\n                <\/div>\n                <div data-colibri-id=\"819-c9\" class=\"style-916 style-local-819-c9 position-relative h-element\">\n                  <!---->\n                <\/div>\n                <div data-colibri-id=\"819-c10\" class=\"h-text h-text-component style-911 style-local-819-c10 position-relative h-element\">\n                  <!---->\n                  <!---->\n                  <div class=\"\">\n                    <p>Participez \u00e0 l&rsquo;\u00e9tape qualificative &#8211; ouverte \u00e0 tous &#8211; du concours Les N\u00e9gociales Pro, le 13 janvier 2023 en visio-n\u00e9gociation !<\/p>\n                  <\/div>\n                <\/div>\n              <\/div>\n            <\/div>\n          <\/div>\n        <\/div>\n      <\/div>\n    <\/div>\n  <\/div>\n  <div data-colibri-component=\"section\" data-colibri-id=\"819-c11\" id=\"custom\" class=\"h-section h-section-global-spacing d-flex align-items-lg-center align-items-md-center align-items-center style-917 style-local-819-c11 position-relative\">\n    <!---->\n    <!---->\n    <div class=\"h-section-grid-container h-section-boxed-container\">\n      <!---->\n      <div data-colibri-id=\"819-c12\" class=\"h-row-container gutters-row-lg-2 gutters-row-md-2 gutters-row-0 gutters-row-v-lg-2 gutters-row-v-md-2 gutters-row-v-2 style-918 style-local-819-c12 position-relative\">\n        <!---->\n        <div class=\"h-row justify-content-lg-center justify-content-md-center justify-content-center align-items-lg-stretch align-items-md-stretch align-items-stretch gutters-col-lg-2 gutters-col-md-2 gutters-col-0 gutters-col-v-lg-2 gutters-col-v-md-2 gutters-col-v-2\">\n          <!---->\n          <div class=\"h-column h-column-container d-flex h-col-lg-auto h-col-md-auto h-col-auto style-919-outer style-local-819-c13-outer\">\n            <div data-colibri-id=\"819-c13\" class=\"d-flex h-flex-basis h-column__inner h-px-lg-2 h-px-md-2 h-px-2 v-inner-lg-2 v-inner-md-2 v-inner-2 style-919 style-local-819-c13 position-relative\">\n              <!---->\n              <!---->\n              <div class=\"w-100 h-y-container h-column__content h-column__v-align flex-basis-100 align-self-lg-start align-self-md-start align-self-start\">\n                <!---->\n                <div data-colibri-id=\"819-c14\" class=\"h-global-transition-all h-heading style-921 style-local-819-c14 position-relative h-element\">\n                  <!---->\n                  <div class=\"h-heading__outer style-921 style-local-819-c14\">\n                    <!---->\n                    <!---->\n                    <h1 class=\"\">Une journ\u00e9e, deux cas de n\u00e9gociation<\/h1>\n                  <\/div>\n                <\/div>\n                <div data-colibri-id=\"819-c15\" class=\"style-932 style-local-819-c15 position-relative h-element\">\n                  <!---->\n                <\/div>\n                <div data-colibri-id=\"819-c16\" class=\"h-text h-text-component style-922 style-local-819-c16 position-relative h-element\">\n                  <!---->\n                  <!---->\n                  <div class=\"\">\n                    <p>De 7h30 \u00e0 19h00, des professionnels francophones de la vente et de la n\u00e9gociation commerciale se challengeront autour de deux cas de n\u00e9gociation (un premier le matin puis un second l&rsquo;apr\u00e8s-midi) et ce, face \u00e0 un jury compos\u00e9 lui aussi\n                      de professionnels du m\u00e9tier.<\/p>\n                  <\/div>\n                <\/div>\n                <div data-colibri-id=\"819-c17\" class=\"h-text h-text-component style-928 style-local-819-c17 position-relative h-element\">\n                  <!---->\n                  <!---->\n                  <div class=\"\">\n                    <p>Une pr\u00e9sentation des entreprises partenaires ainsi qu&rsquo;une explication des sujets de n\u00e9gociation seront r\u00e9alis\u00e9es pour les candidats puis pour les jurys afin de r\u00e9pondre \u00e0 l&rsquo;ensemble de leurs questions. Les candidats auront 1 heure\n                      minimum pour pr\u00e9parer leur entretien avant le d\u00e9but des jeux de r\u00f4le.<\/p>\n                  <\/div>\n                <\/div>\n              <\/div>\n            <\/div>\n          <\/div>\n        <\/div>\n      <\/div>\n      <div data-colibri-id=\"819-c18\" class=\"h-row-container gutters-row-lg-3 gutters-row-md-3 gutters-row-0 gutters-row-v-lg-0 gutters-row-v-md-0 gutters-row-v-0 style-929 style-local-819-c18 position-relative\">\n        <!---->\n        <div class=\"h-row justify-content-lg-center justify-content-md-center justify-content-center align-items-lg-stretch align-items-md-stretch align-items-stretch gutters-col-lg-3 gutters-col-md-3 gutters-col-0 gutters-col-v-lg-0 gutters-col-v-md-0 gutters-col-v-0\">\n          <!---->\n          <div class=\"h-column h-column-container d-flex h-col-lg-auto h-col-md-auto h-col-auto style-930-outer style-local-819-c19-outer\">\n            <div data-colibri-id=\"819-c19\" class=\"d-flex h-flex-basis h-column__inner h-px-lg-0 h-px-md-0 h-px-0 v-inner-lg-0 v-inner-md-0 v-inner-0 style-930 style-local-819-c19 position-relative\">\n              <!---->\n              <!---->\n              <div class=\"w-100 h-y-container h-column__content h-column__v-align flex-basis-100 align-self-lg-start align-self-md-start align-self-start\">\n                <!---->\n                <div data-colibri-id=\"819-c20\" class=\"h-text h-text-component style-931 style-local-819-c20 position-relative h-element\">\n                  <!---->\n                  <!---->\n                  <div class=\"\">\n                    <p>A l&rsquo;issu de cette journ\u00e9e, les 6 meilleurs candidats seront convoqu\u00e9s pour la Grande Finale en pr\u00e9sentiel, sur sc\u00e8ne, fin mars en Lorraine.<\/p>\n                  <\/div>\n                <\/div>\n              <\/div>\n            <\/div>\n          <\/div>\n        <\/div>\n      <\/div>\n    <\/div>\n  <\/div>\n  <div data-colibri-component=\"section\" data-colibri-id=\"819-c21\" id=\"features\" class=\"h-section h-section-global-spacing d-flex align-items-lg-center align-items-md-center align-items-center style-993 style-local-819-c21 position-relative\">\n    <!---->\n    <!---->\n    <div class=\"h-section-grid-container h-section-boxed-container\">\n      <div data-colibri-id=\"819-c33\" class=\"h-row-container gutters-row-lg-2 gutters-row-md-2 gutters-row-0 gutters-row-v-lg-2 gutters-row-v-md-2 gutters-row-v-2 style-998 style-local-819-c33 position-relative\">\n        <!---->\n        <div class=\"h-row justify-content-lg-center justify-content-md-center justify-content-center align-items-lg-stretch align-items-md-stretch align-items-stretch gutters-col-lg-2 gutters-col-md-2 gutters-col-0 gutters-col-v-lg-2 gutters-col-v-md-2 gutters-col-v-2\">\n          <!---->\n          <div class=\"h-column h-column-container d-flex h-col-lg-auto h-col-md-auto h-col-auto style-999-outer style-local-819-c34-outer\">\n            <div data-colibri-id=\"819-c34\" class=\"d-flex h-flex-basis h-column__inner h-px-lg-2 h-px-md-2 h-px-2 v-inner-lg-2 v-inner-md-2 v-inner-2 style-999 style-local-819-c34 position-relative\">\n              <!---->\n              <!---->\n              <div class=\"w-100 h-y-container h-column__content h-column__v-align flex-basis-100 align-self-lg-start align-self-md-start align-self-start\">\n                <!---->\n                <div data-colibri-id=\"819-c35\" class=\"h-global-transition-all h-heading style-1000 style-local-819-c35 position-relative h-element\">\n                  <!---->\n                  <div class=\"h-heading__outer style-1000 style-local-819-c35\">\n                    <!---->\n                    <!---->\n                    <h2 class=\"\">pour aller plus loin<\/h2>\n                  <\/div>\n                <\/div>\n                <div data-colibri-id=\"819-c36\" class=\"h-lead h-text h-text-component style-1001 style-local-819-c36 position-relative h-element\">\n                  <!---->\n                  <!---->\n                  <div class=\"\">\n                    <p><span style=\"color: black;\">Retrouvez toutes les informations* sur la journ\u00e9e en cliquant sur les boutons ci-dessous :&nbsp;<\/span><\/p>\n                  <\/div>\n                <\/div>\n              <\/div>\n            <\/div>\n          <\/div>\n        <\/div>\n      <\/div>\n      <div data-colibri-id=\"819-c22\" class=\"h-row-container gutters-row-lg-2 gutters-row-md-2 gutters-row-2 gutters-row-v-lg-2 gutters-row-v-md-2 gutters-row-v-2 style-994 style-local-819-c22 position-relative\">\n        <!---->\n        <div class=\"h-row justify-content-lg-center justify-content-md-center justify-content-center align-items-lg-stretch align-items-md-stretch align-items-stretch gutters-col-lg-2 gutters-col-md-2 gutters-col-2 gutters-col-v-lg-2 gutters-col-v-md-2 gutters-col-v-2\">\n          <!---->\n          <div class=\"h-column h-column-container d-flex h-col-lg-6 h-col-md-6 h-col-6 style-995-outer style-local-819-c23-outer\">\n            <div data-colibri-id=\"819-c23\" class=\"d-flex h-flex-basis h-column__inner h-px-lg-0 h-px-md-0 h-px-0 v-inner-lg-0 v-inner-md-0 v-inner-2 style-995 style-local-819-c23 position-relative\">\n              <!---->\n              <!---->\n              <div class=\"w-100 h-y-container h-column__content h-column__v-align flex-basis-100 align-self-lg-start align-self-md-start align-self-start\">\n                <!---->\n                <div data-colibri-id=\"819-c24\" class=\"h-x-container style-1002 style-local-819-c24 position-relative h-element\">\n                  <!---->\n                  <div class=\"h-x-container-inner style-dynamic-819-c24-group style-1002-spacing style-local-819-c24-spacing\"><span class=\"h-button__outer style-1003-outer style-local-819-c25-outer d-inline-flex h-element\"><a h-use-smooth-scroll=\"true\" href=\"https:\/\/lesnegocialesprofessionnels.com\/wp-content\/uploads\/2021\/11\/Les-Ne\u0301gociales-Pro-Explications-Candidats.pdf\" target=\"_blank\" data-colibri-id=\"819-c25\" class=\"d-flex w-100 align-items-center h-button justify-content-lg-center justify-content-md-center justify-content-center style-1003 style-local-819-c25 position-relative\" rel=\"noopener\"><!----><!----> <span>candidats<\/span><\/a>\n                    <\/span>\n                  <\/div>\n                <\/div>\n              <\/div>\n            <\/div>\n          <\/div>\n          <div class=\"h-column h-column-container d-flex h-col-lg-6 h-col-md-6 h-col-6 style-995-outer style-local-819-c26-outer\">\n            <div data-colibri-id=\"819-c26\" class=\"d-flex h-flex-basis h-column__inner h-px-lg-0 h-px-md-0 h-px-0 v-inner-lg-0 v-inner-md-0 v-inner-2 style-995 style-local-819-c26 position-relative\">\n              <!---->\n              <!---->\n              <div class=\"w-100 h-y-container h-column__content h-column__v-align flex-basis-100 align-self-lg-start align-self-md-start align-self-start\">\n                <!---->\n                <div data-colibri-id=\"819-c27\" class=\"h-x-container style-1004 style-local-819-c27 position-relative h-element\">\n                  <!---->\n                  <div class=\"h-x-container-inner style-dynamic-819-c27-group style-1004-spacing style-local-819-c27-spacing\"><span class=\"h-button__outer style-1005-outer style-local-819-c28-outer d-inline-flex h-element\"><a h-use-smooth-scroll=\"true\" href=\"https:\/\/lesnegocialesprofessionnels.com\/wp-content\/uploads\/2021\/11\/Les-Ne\u0301gociales-Pro-Explications-Jurys.pdf\" target=\"_blank\" data-colibri-id=\"819-c28\" class=\"d-flex w-100 align-items-center h-button justify-content-lg-center justify-content-md-center justify-content-center style-1005 style-local-819-c28 position-relative\" rel=\"noopener\"><!----><!----> <span>JURYS<\/span><\/a>\n                    <\/span>\n                  <\/div>\n                <\/div>\n              <\/div>\n            <\/div>\n          <\/div>\n        <\/div>\n      <\/div>\n      <div data-colibri-id=\"819-c29\" class=\"h-row-container gutters-row-lg-0 gutters-row-md-0 gutters-row-0 gutters-row-v-lg-0 gutters-row-v-md-0 gutters-row-v-0 style-1006 style-local-819-c29 position-relative\">\n        <!---->\n        <div class=\"h-row justify-content-lg-center justify-content-md-center justify-content-center align-items-lg-stretch align-items-md-stretch align-items-stretch gutters-col-lg-0 gutters-col-md-0 gutters-col-0 gutters-col-v-lg-0 gutters-col-v-md-0 gutters-col-v-0\">\n          <!---->\n          <div class=\"h-column h-column-container d-flex h-col-lg-auto h-col-md-auto h-col-auto style-1007-outer style-local-819-c30-outer\">\n            <div data-colibri-id=\"819-c30\" class=\"d-flex h-flex-basis h-column__inner h-px-lg-2 h-px-md-2 h-px-2 v-inner-lg-2 v-inner-md-2 v-inner-2 style-1007 style-local-819-c30 position-relative\">\n              <!---->\n              <!---->\n              <div class=\"w-100 h-y-container h-column__content h-column__v-align flex-basis-100 align-self-lg-start align-self-md-start align-self-start\">\n                <!---->\n                <div data-colibri-id=\"819-c31\" class=\"style-1013 style-local-819-c31 position-relative h-element\">\n                  <!---->\n                <\/div>\n                <div data-colibri-id=\"819-c32\" class=\"h-text h-text-component style-1008 style-local-819-c32 position-relative h-element\">\n                  <!---->\n                  <!---->\n                  <div class=\"\">\n                    <p>*les informations relatives \u00e0 cette journ\u00e9e vous serons envoy\u00e9es par mail quelques semaines avant l&rsquo;\u00e9v\u00e8nement<\/p>\n                  <\/div>\n                <\/div>\n              <\/div>\n            <\/div>\n          <\/div>\n        <\/div>\n      <\/div>\n    <\/div>\n  <\/div>\n  <div data-colibri-component=\"section\" data-colibri-id=\"819-c37\" id=\"cta\" class=\"h-section h-section-global-spacing d-flex align-items-lg-center align-items-md-center align-items-center style-1014 style-local-819-c37 position-relative\">\n    <!---->\n    <!---->\n    <div class=\"h-section-grid-container h-section-boxed-container\">\n      <!---->\n      <div data-colibri-id=\"819-c38\" class=\"h-row-container gutters-row-lg-2 gutters-row-md-2 gutters-row-0 gutters-row-v-lg-2 gutters-row-v-md-2 gutters-row-v-2 style-1015 style-local-819-c38 position-relative\">\n        <!---->\n        <div class=\"h-row justify-content-lg-center justify-content-md-center justify-content-center align-items-lg-stretch align-items-md-stretch align-items-stretch gutters-col-lg-2 gutters-col-md-2 gutters-col-0 gutters-col-v-lg-2 gutters-col-v-md-2 gutters-col-v-2\">\n          <!---->\n          <div class=\"h-column h-column-container d-flex h-col-lg-auto h-col-md-auto h-col-auto style-1016-outer style-local-819-c39-outer\">\n            <div data-colibri-id=\"819-c39\" class=\"d-flex h-flex-basis h-column__inner h-px-lg-0 h-px-md-0 h-px-2 v-inner-lg-0 v-inner-md-0 v-inner-2 style-1016 style-local-819-c39 position-relative\">\n              <!---->\n              <!---->\n              <div class=\"w-100 h-y-container h-column__content h-column__v-align flex-basis-100 align-self-lg-center align-self-md-center align-self-center\">\n                <!---->\n                <div data-colibri-id=\"819-c40\" class=\"h-global-transition-all h-heading style-1017 style-local-819-c40 position-relative h-element\">\n                  <!---->\n                  <div class=\"h-heading__outer style-1017 style-local-819-c40\">\n                    <!---->\n                    <!---->\n                    <h2 class=\"\">n&rsquo;attendez plus !<\/h2>\n                  <\/div>\n                <\/div>\n                <div data-colibri-id=\"819-c41\" class=\"h-text h-text-component style-1021 style-local-819-c41 position-relative h-element\">\n                  <!---->\n                  <!---->\n                  <div class=\"\">\n                    <p>tentez l&rsquo;exp\u00e9rience<\/p>\n                  <\/div>\n                <\/div>\n              <\/div>\n            <\/div>\n          <\/div>\n          <div class=\"h-column h-column-container d-flex h-col-lg-auto h-col-md-auto h-col-auto style-1018-outer style-local-819-c42-outer\">\n            <div data-colibri-id=\"819-c42\" class=\"d-flex h-flex-basis h-column__inner h-px-lg-0 h-px-md-0 h-px-2 v-inner-lg-0 v-inner-md-0 v-inner-2 style-1018 style-local-819-c42 position-relative\">\n              <!---->\n              <!---->\n              <div class=\"w-100 h-y-container h-column__content h-column__v-align flex-basis-100 align-self-lg-center align-self-md-center align-self-center\">\n                <!---->\n                <div data-colibri-id=\"819-c43\" class=\"h-x-container style-1019 style-local-819-c43 position-relative h-element\">\n                  <!---->\n                  <div class=\"h-x-container-inner style-dynamic-819-c43-group style-1019-spacing style-local-819-c43-spacing\"><span class=\"h-button__outer style-1020-outer style-local-819-c44-outer d-inline-flex h-element\"><a h-use-smooth-scroll=\"true\" href=\"https:\/\/lesnegocialesprofessionnels.com\/#inscription-2\"  data-colibri-id=\"819-c44\" class=\"d-flex w-100 align-items-center h-button justify-content-lg-center justify-content-md-center justify-content-center style-1020 style-local-819-c44 position-relative\"><!----><!----> <span>je m&rsquo;inscris !<\/span><\/a>\n                    <\/span>\n                  <\/div>\n                <\/div>\n              <\/div>\n            <\/div>\n          <\/div>\n        <\/div>\n      <\/div>\n    <\/div>\n  <\/div>\n<\/div>","protected":false},"excerpt":{"rendered":"<p>La premi\u00e8re \u00e9tape du concours Les qualifications Participez \u00e0 l&rsquo;\u00e9tape qualificative &#8211; ouverte \u00e0 tous &#8211; du concours Les N\u00e9gociales Pro, le 13 janvier 2023 en visio-n\u00e9gociation ! Une journ\u00e9e, deux cas de n\u00e9gociation De 7h30 \u00e0 19h00, des professionnels francophones de la vente et de la n\u00e9gociation commerciale se challengeront autour de deux cas [&hellip;]<\/p>\n","protected":false},"author":1,"featured_media":0,"parent":0,"menu_order":0,"comment_status":"closed","ping_status":"closed","template":"page-templates\/full-width-page.php","meta":{"footnotes":""},"class_list":["post-819","page","type-page","status-publish","hentry"],"_links":{"self":[{"href":"https:\/\/lesnegocialesprofessionnels.com\/index.php\/wp-json\/wp\/v2\/pages\/819","targetHints":{"allow":["GET"]}}],"collection":[{"href":"https:\/\/lesnegocialesprofessionnels.com\/index.php\/wp-json\/wp\/v2\/pages"}],"about":[{"href":"https:\/\/lesnegocialesprofessionnels.com\/index.php\/wp-json\/wp\/v2\/types\/page"}],"author":[{"embeddable":true,"href":"https:\/\/lesnegocialesprofessionnels.com\/index.php\/wp-json\/wp\/v2\/users\/1"}],"replies":[{"embeddable":true,"href":"https:\/\/lesnegocialesprofessionnels.com\/index.php\/wp-json\/wp\/v2\/comments?post=819"}],"version-history":[{"count":20,"href":"https:\/\/lesnegocialesprofessionnels.com\/index.php\/wp-json\/wp\/v2\/pages\/819\/revisions"}],"predecessor-version":[{"id":2293,"href":"https:\/\/lesnegocialesprofessionnels.com\/index.php\/wp-json\/wp\/v2\/pages\/819\/revisions\/2293"}],"wp:attachment":[{"href":"https:\/\/lesnegocialesprofessionnels.com\/index.php\/wp-json\/wp\/v2\/media?parent=819"}],"curies":[{"name":"wp","href":"https:\/\/api.w.org\/{rel}","templated":true}]}}